{"id":183,"date":"2019-05-09T22:21:29","date_gmt":"2019-05-09T22:21:29","guid":{"rendered":"http:\/\/sw-themes.com\/porto_dummy\/?page_id=183"},"modified":"2024-07-17T01:16:32","modified_gmt":"2024-07-17T01:16:32","slug":"contact","status":"publish","type":"page","link":"https:\/\/www.msachemgroup.com\/?page_id=183","title":{"rendered":"\u0130leti\u015fim"},"content":{"rendered":"<p>[vc_row wrap_container=&#8221;yes&#8221; css=&#8221;.vc_custom_1631037141818{margin-top: -100px !important;padding-bottom: 53px !important;}&#8221; el_class=&#8221;custom-container-background contact-form-section&#8221;][vc_column css=&#8221;.vc_custom_1630699782377{padding-top: 84px !important;}&#8221;][vc_raw_html el_class=&#8221;position-relative z-index-1&#8243;]JTVCY29udGFjdC1mb3JtLTclMjBpZCUzRCUyMjE5NCUyMiUyMHRpdGxlJTNEJTIyQ29udGFjdCUyMCUyMEZvcm0lMjIlNUQ=[\/vc_raw_html][vc_separator color=&#8221;custom&#8221; style=&#8221;solid&#8221; css=&#8221;.vc_custom_1630732026999{margin-top: 64px !important;margin-bottom: 48px !important;}&#8221;]<div class=\"porto-u-heading position-relative z-index-1 mb-5  wpb_custom_a4ef7a56ca53333fdca93f922558364b\" data-hspacer=\"no_spacer\" data-halign=\"left\" style=\"text-align:left\" data-appear-animation=\"fadeInUp\" data-appear-animation-delay=\"200\"><div class=\"porto-u-main-heading\"><h2   style=\"margin-bottom: 16px;\"><strong>Adresimiz<\/strong><\/h2><\/div><div class=\"porto-u-sub-heading\" style=\"\">msachem sizlerin oldu\u011fu her yerde..merkez ofisimiz ise:<\/div><\/div>[\/vc_column][vc_column offset=&#8221;vc_col-md-6&#8243;]<div class=\"porto-u-heading custom-hover-primary mb-0  wpb_custom_d1ea58d68937d45e613d6bfcad7b5bb4\" data-hspacer=\"no_spacer\" data-halign=\"left\" style=\"text-align:left\" data-appear-animation=\"fadeInUp\" data-appear-animation-delay=\"200\"><div class=\"porto-u-main-heading\"><h2   style=\"margin-bottom: 20px;\">Fulya Mah. B\u00fcy\u00fckdere Caddesi, Quasar Plaza, No:76, Kat:15, Daire 1507, \u015ei\u015fli \u0130stanbul <\/h2><\/div><div class=\"porto-u-sub-heading\" style=\"\">\n<ul class=\"list list-unstyled\">\n<li class=\"d-flex align-items-center mb-3\"><i class=\"Simple-Line-Icons-envolope text-color-dark font-weight-bold me-1 pe-2 m-b-n-xxs\" style=\"font-size: 14px;\"><\/i><br \/>\n<span class=\"Apple-converted-space\">\u00a0<\/span><a href=\"mailto:info@msachemgroup.com\">info@msachemgroup.com<\/a><\/li>\n<li class=\"d-flex align-items-center mb-3\"><i class=\"Simple-Line-Icons-phone text-color-dark font-weight-bold me-1 pe-2 m-b-n-xxs\" style=\"font-size: 14px;\"><\/i><br \/>\n<a href=\"tel:02122181357\">02122181357<\/a><\/li>\n<\/ul>\n<p>&nbsp;<\/p>\n<p>&nbsp;<\/p>\n<p>&nbsp;<\/div><\/div>[\/vc_column][vc_column offset=&#8221;vc_col-md-6&#8243;][vc_gmaps link=&#8221;#E-8_JTNDaWZyYW1lJTIwc3JjJTNEJTIyaHR0cHMlM0ElMkYlMkZ3d3cuZ29vZ2xlLmNvbSUyRm1hcHMlMkZlbWJlZCUzRnBiJTNEJTIxMW0xOCUyMTFtMTIlMjExbTMlMjExZDMwMDguMTI5MTc0NDc4NDkwOCUyMTJkMjguOTk3OTU5MDc1ODUxNDk3JTIxM2Q0MS4wNjYxNjg5NzEzNDI0NSUyMTJtMyUyMTFmMCUyMTJmMCUyMTNmMCUyMTNtMiUyMTFpMTAyNCUyMTJpNzY4JTIxNGYxMy4xJTIxM20zJTIxMW0yJTIxMXMweDE0Y2FiNzk5MTk1NWE2MjUlMjUzQTB4NTY2YWNkOWIyMzhjMzljZCUyMTJzUXVhc2FyJTI1MjBJc3RhbmJ1bCUyNTIwUmVzaWRlbmNlJTIxNWUwJTIxM20yJTIxMXNlbiUyMTJzdHIlMjE0djE3MjExNzg5NDMyNTQlMjE1bTIlMjExc2VuJTIxMnN0ciUyMiUyMHdpZHRoJTNEJTIyNjAwJTIyJTIwaGVpZ2h0JTNEJTIyNDUwJTIyJTIwc3R5bGUlM0QlMjJib3JkZXIlM0EwJTNCJTIyJTIwYWxsb3dmdWxsc2NyZWVuJTNEJTIyJTIyJTIwbG9hZGluZyUzRCUyMmxhenklMjIlMjByZWZlcnJlcnBvbGljeSUzRCUyMm5vLXJlZmVycmVyLXdoZW4tZG93bmdyYWRlJTIyJTNFJTNDJTJGaWZyYW1lJTNF&#8221;][\/vc_column][\/vc_row]<\/p>\n","protected":false},"excerpt":{"rendered":"<p>[vc_row wrap_container=&#8221;yes&#8221; css=&#8221;.vc_custom_1631037141818{margin-top: -100px !important;padding-bottom: 53px !important;}&#8221; el_class=&#8221;custom-container-background contact-form-section&#8221;][vc_column css=&#8221;.vc_custom_1630699782377{padding-top: 84px !important;}&#8221;][vc_raw_html el_class=&#8221;position-relative z-index-1&#8243;]JTVCY29udGFjdC1mb3JtLTclMjBpZCUzRCUyMjE5NCUyMiUyMHRpdGxlJTNEJTIyQ29udGFjdCUyMCUyMEZvcm0lMjIlNUQ=[\/vc_raw_html][vc_separator color=&#8221;custom&#8221; style=&#8221;solid&#8221; css=&#8221;.vc_custom_1630732026999{margin-top: 64px !important;margin-bottom: 48px !important;}&#8221;][\/vc_column][vc_column offset=&#8221;vc_col-md-6&#8243;][\/vc_column][vc_column offset=&#8221;vc_col-md-6&#8243;][vc_gmaps link=&#8221;#E-8_JTNDaWZyYW1lJTIwc3JjJTNEJTIyaHR0cHMlM0ElMkYlMkZ3d3cuZ29vZ2xlLmNvbSUyRm1hcHMlMkZlbWJlZCUzRnBiJTNEJTIxMW0xOCUyMTFtMTIlMjExbTMlMjExZDMwMDguMTI5MTc0NDc4NDkwOCUyMTJkMjguOTk3OTU5MDc1ODUxNDk3JTIxM2Q0MS4wNjYxNjg5NzEzNDI0NSUyMTJtMyUyMTFmMCUyMTJmMCUyMTNmMCUyMTNtMiUyMTFpMTAyNCUyMTJpNzY4JTIxNGYxMy4xJTIxM20zJTIxMW0yJTIxMXMweDE0Y2FiNzk5MTk1NWE2MjUlMjUzQTB4NTY2YWNkOWIyMzhjMzljZCUyMTJzUXVhc2FyJTI1MjBJc3RhbmJ1bCUyNTIwUmVzaWRlbmNlJTIxNWUwJTIxM20yJTIxMXNlbiUyMTJzdHIlMjE0djE3MjExNzg5NDMyNTQlMjE1bTIlMjExc2VuJTIxMnN0ciUyMiUyMHdpZHRoJTNEJTIyNjAwJTIyJTIwaGVpZ2h0JTNEJTIyNDUwJTIyJTIwc3R5bGUlM0QlMjJib3JkZXIlM0EwJTNCJTIyJTIwYWxsb3dmdWxsc2NyZWVuJTNEJTIyJTIyJTIwbG9hZGluZyUzRCUyMmxhenklMjIlMjByZWZlcnJlcnBvbGljeSUzRCUyMm5vLXJlZmVycmVyLXdoZW4tZG93bmdyYWRlJTIyJTNFJTNDJTJGaWZyYW1lJTNF&#8221;][\/vc_column][\/vc_row]<\/p>\n","protected":false},"author":1,"featured_media":0,"parent":0,"menu_order":0,"comment_status":"closed","ping_status":"closed","template":"","meta":{"footnotes":""},"class_list":["post-183","page","type-page","status-publish","hentry"],"_links":{"self":[{"href":"https:\/\/www.msachemgroup.com\/index.php?rest_route=\/wp\/v2\/pages\/183","targetHints":{"allow":["GET"]}}],"collection":[{"href":"https:\/\/www.msachemgroup.com\/index.php?rest_route=\/wp\/v2\/pages"}],"about":[{"href":"https:\/\/www.msachemgroup.com\/index.php?rest_route=\/wp\/v2\/types\/page"}],"author":[{"embeddable":true,"href":"https:\/\/www.msachemgroup.com\/index.php?rest_route=\/wp\/v2\/users\/1"}],"replies":[{"embeddable":true,"href":"https:\/\/www.msachemgroup.com\/index.php?rest_route=%2Fwp%2Fv2%2Fcomments&post=183"}],"version-history":[{"count":9,"href":"https:\/\/www.msachemgroup.com\/index.php?rest_route=\/wp\/v2\/pages\/183\/revisions"}],"predecessor-version":[{"id":856,"href":"https:\/\/www.msachemgroup.com\/index.php?rest_route=\/wp\/v2\/pages\/183\/revisions\/856"}],"wp:attachment":[{"href":"https:\/\/www.msachemgroup.com\/index.php?rest_route=%2Fwp%2Fv2%2Fmedia&parent=183"}],"curies":[{"name":"wp","href":"https:\/\/api.w.org\/{rel}","templated":true}]}}