{"id":172,"date":"2019-05-09T22:11:07","date_gmt":"2019-05-09T22:11:07","guid":{"rendered":"http:\/\/sw-themes.com\/porto_dummy\/?page_id=172"},"modified":"2023-03-21T08:53:41","modified_gmt":"2023-03-21T08:53:41","slug":"about-us","status":"publish","type":"page","link":"https:\/\/www.msachemgroup.com\/?page_id=172","title":{"rendered":"Hakk\u0131m\u0131zda"},"content":{"rendered":"<p>[vc_row wrap_container=&#8221;yes&#8221; css=&#8221;.vc_custom_1630699961301{margin-top: -100px !important;padding-bottom: 49px !important;}&#8221; el_class=&#8221;custom-container-background testimonial-section&#8221;][vc_column css=&#8221;.vc_custom_1630699782377{padding-top: 84px !important;}&#8221;]<div class=\"porto-u-heading position-relative z-index-1 mb-0  wpb_custom_dfbc90bfd5d6d4c195a7d655a5ed406c\" data-hspacer=\"no_spacer\" data-halign=\"left\" style=\"text-align:left\" data-appear-animation=\"fadeInUp\" data-appear-animation-delay=\"200\"><div class=\"porto-u-main-heading\"><h2   style=\"margin-bottom: 20px;\"><strong>Biz Kimiz<\/strong><\/h2><\/div><div class=\"porto-u-sub-heading\" style=\"margin-bottom:24px;\">\n<p style=\"text-align: justify;\">Msachem uzun y\u0131llard\u0131r adhesive sekt\u00f6r\u00fcn\u00fcn i\u00e7erisinde, \u00fcretimden sat\u0131\u015fa kadar olan t\u00fcm a\u015famalar\u0131n i\u00e7erisinde yeti\u015fmi\u015f bir ekipten olu\u015fmaktad\u0131r. Msachem piyasadaki en hesapl\u0131 fiyat\/kalite oran\u0131ndaki rakamlar\u0131 sizlere sunar. Msachem kendi lojistik anla\u015fmalar\u0131 ile T\u00fcrkiye\u2019nin her bir noktas\u0131na zaman\u0131nda \u00fcr\u00fcnlerini ula\u015ft\u0131r\u0131r. T\u00fcm Msachem \u00fcr\u00fcnleri uluslararas\u0131 standartlarda onaylanm\u0131\u015f kat\u0131 denetim standart ve mekanizmalar\u0131nda \u00fcr\u00fcnlerini test eder.<\/p>\n<p><\/div><\/div><div class=\"porto-u-heading position-relative z-index-1  wpb_custom_fcc1f1f3da25ef876104f43caa3a0aa9\" data-hspacer=\"no_spacer\" data-halign=\"left\" style=\"text-align:left\" data-appear-animation=\"fadeInUp\" data-appear-animation-delay=\"200\"><\/div>[vc_empty_space height=&#8221;50px&#8221;][vc_row_inner equal_height=&#8221;yes&#8221; animation_delay=&#8221;600&#8243; animation_type=&#8221;fadeInUp&#8221;][vc_column_inner width=&#8221;1\/2&#8243; offset=&#8221;vc_col-md-3&#8243;]<div class=\"stats-block stats-top  counter-text-start  wpb_custom_1c376f5d091d1c0e3474673c8f77657d  vc_custom_1678213135814\"><div class=\"stats-desc\"><div id=\"counter_138429610469e0d6c6ce0d0\" data-id=\"counter_138429610469e0d6c6ce0d0\" class=\"stats-number\" style=\" color:#0047bb;\" data-speed=\"3\" data-counter-value=\"18\" data-separator=\"none\" data-decimal=\".\">0<\/div><div class=\"counter_suffix mycust\" style=\" color:#0047bb\">+<\/div><div class=\"stats-text\" style=\"color:#212529;\">Ticari Ge\u00e7mi\u015f<\/div><\/div><\/div>[\/vc_column_inner][vc_column_inner width=&#8221;1\/2&#8243; offset=&#8221;vc_col-md-3&#8243;]<div class=\"stats-block stats-top  counter-text-start  wpb_custom_1c376f5d091d1c0e3474673c8f77657d  vc_custom_1678213156393\"><div class=\"stats-desc\"><div id=\"counter_135512057669e0d6c6ce20d\" data-id=\"counter_135512057669e0d6c6ce20d\" class=\"stats-number\" style=\" color:#0047bb;\" data-speed=\"3\" data-counter-value=\"128\" data-separator=\"none\" data-decimal=\".\">0<\/div><div class=\"counter_suffix mycust\" style=\" color:#0047bb\">+<\/div><div class=\"stats-text\" style=\"color:#212529;\">Mutlu M\u00fc\u015fteri<\/div><\/div><\/div>[\/vc_column_inner][vc_column_inner width=&#8221;1\/2&#8243; offset=&#8221;vc_col-md-3&#8243;]<div class=\"stats-block stats-top  counter-text-start  wpb_custom_1c376f5d091d1c0e3474673c8f77657d  vc_custom_1678213175770\"><div class=\"stats-desc\"><div id=\"counter_1158677869e0d6c6ce30a\" data-id=\"counter_1158677869e0d6c6ce30a\" class=\"stats-number\" style=\" color:#0047bb;\" data-speed=\"3\" data-counter-value=\"38\" data-separator=\"none\" data-decimal=\".\">0<\/div><div class=\"counter_suffix mycust\" style=\" color:#0047bb\">+<\/div><div class=\"stats-text\" style=\"color:#212529;\">\u00c7e\u015fitlilik<\/div><\/div><\/div>[\/vc_column_inner][vc_column_inner width=&#8221;1\/2&#8243; offset=&#8221;vc_col-md-3&#8243;]<div class=\"stats-block stats-top  counter-text-start  wpb_custom_1c376f5d091d1c0e3474673c8f77657d  vc_custom_1678213198060\"><div class=\"stats-desc\"><div id=\"counter_28548038369e0d6c6ce3ec\" data-id=\"counter_28548038369e0d6c6ce3ec\" class=\"stats-number\" style=\" color:#0047bb;\" data-speed=\"3\" data-counter-value=\"7\" data-separator=\"none\" data-decimal=\".\">0<\/div><div class=\"counter_suffix mycust\" style=\" color:#0047bb\">+<\/div><div class=\"stats-text\" style=\"color:#212529;\">\u0130hracat \u00dclke<\/div><\/div><\/div>[\/vc_column_inner][\/vc_row_inner][\/vc_column][vc_column][\/vc_column][\/vc_row][vc_row wrap_container=&#8221;yes&#8221; css=&#8221;.vc_custom_1630710851474{padding-top: 4.6rem !important;padding-bottom: 5.4rem !important;background-color: #f7f7f7 !important;}&#8221;][vc_column]<div class=\"porto-u-heading position-relative z-index-1 mb-0  wpb_custom_0482bc0da425c0de7c5120f675d3a878\" data-hspacer=\"no_spacer\" data-halign=\"left\" style=\"text-align:left\" data-appear-animation=\"fadeInUp\" data-appear-animation-delay=\"200\"><div class=\"porto-u-main-heading\"><h2   style=\"margin-bottom: 24px;\"><strong>Hikayemiz<\/strong><\/h2><\/div><\/div>[vc_tour type=&#8221;tabs-navigation&#8221; el_class=&#8221;mb-0&#8243; color=&#8221;#0047bb&#8221;][vc_tab title=&#8221;2000&#8243; tab_id=&#8221;9b5ab342-5ed9-2&#8243;][vc_raw_html]JTNDaDQlM0UlQzUlOUVpcmtldCUyMEt1cnVsdSVDNSU5RnUlM0MlMkZoNCUzRSUwQSUzQ3AlM0VLJUMzJUJDJUMzJUE3JUMzJUJDayUyMGJpciUyMGklQzUlOUZsZXRtZSUyMG9sYXJhayUyMDIlMjBraSVDNSU5RmlsaWslMjBla2liaW1pemxlJTIwYmVyYWJlciUyMHMlQzQlQjFuJUM0JUIxcmwlQzQlQjElMjB0aWNhcmV0ZSUyMGJhJUM1JTlGbGFkJUM0JUIxay4uJTNDJTJGcCUzRSUwQSUwQSUzQ2ltZyUyMGNsYXNzJTNEJTIyZmxvYXQtc3RhcnQlMjBpbWctZmx1aWQlMjByb3VuZGVkLWNpcmNsZSUyMG1lLTQlMjBtYi00JTIyJTIwc3JjJTNEJTIyaHR0cHMlM0ElMkYlMkZ3d3cucG9ydG90aGVtZS5jb20lMkZ3b3JkcHJlc3MlMkZwb3J0byUyRmVsZW1lbnRvciUyRmluc3VyYW5jZSUyRndwLWNvbnRlbnQlMkZ1cGxvYWRzJTJGc2l0ZXMlMkY2MyUyRjIwMjElMkYwOCUyRmdlbmVyaWMtMS5qcGclMjIlMjBhbHQlM0QlMjIlMjIlMjB3aWR0aCUzRCUyMjIwMCUyMiUyMCUyRiUzRSUwQSUwQQ==[\/vc_raw_html][\/vc_tab][vc_tab title=&#8221;2002&#8243; tab_id=&#8221;1557426757629-1-1&#8243;][vc_raw_html]JTNDaDQlM0VCJUMzJUJDeSVDMyVCQ3lvcnV6Li4lM0MlMkZoNCUzRSUwQSUzQ3AlM0UlM0NwJTNFTSVDMyVCQyVDNSU5RnRlcmklMjBwb3J0ZiVDMyVCNnklQzMlQkNtJUMzJUJDeiUyMGIlQzMlQkN5JUMzJUJDZCVDMyVCQ2slQzMlQTdlJTIwbWVya2V6JTIwb2ZpcyUyMG9sYXJhayUyMHllbmklMjBiaXIlMjBiaW5heWElMjB0YSVDNSU5RiVDNCVCMW5kJUM0JUIxay4uJTNDJTJGcCUzRS4lM0MlMkZwJTNFJTBB[\/vc_raw_html][\/vc_tab][vc_tab title=&#8221;2006&#8243; tab_id=&#8221;1557426759693-2-1&#8243;][vc_raw_html]JTNDaDQlM0VEaWppdGFsbGUlQzUlOUZpeW9ydXouLiUzQyUyRmg0JTNFJTBBJTNDcCUzRUtBeSVDNCVCMXRsYXIlQzQlQjFtJUM0JUIxeiUyMGRpaml0YWwlMjBvcnRhbWRhJTIwZyVDMyVCQ3ZlbmRlLi4uJTNDJTJGcCUzRSUwQSUwQSUzQ2ltZyUyMGNsYXNzJTNEJTIyZmxvYXQtc3RhcnQlMjBpbWctZmx1aWQlMjByb3VuZGVkLWNpcmNsZSUyMG1lLTQlMjBtYi00JTIyJTIwc3JjJTNEJTIyaHR0cHMlM0ElMkYlMkZ3d3cucG9ydG90aGVtZS5jb20lMkZ3b3JkcHJlc3MlMkZwb3J0byUyRmVsZW1lbnRvciUyRmluc3VyYW5jZSUyRndwLWNvbnRlbnQlMkZ1cGxvYWRzJTJGc2l0ZXMlMkY2MyUyRjIwMjElMkYwOCUyRmdlbmVyaWMtMi5qcGclMjIlMjBhbHQlM0QlMjIlMjIlMjB3aWR0aCUzRCUyMjIwMCUyMiUyMCUyRiUzRSUwQSUwQQ==[\/vc_raw_html][\/vc_tab][vc_tab title=&#8221;2012&#8243; tab_id=&#8221;1557426760533-3-3&#8243;][vc_raw_html]JTNDaDQlM0UlQzMlODdvJUM0JTlGYWwlQzQlQjF5b3J1eiUzQyUyRmg0JTNFJTBBJTNDcCUzRVQlQzMlQkNya2l5ZSUyMGdlbmVsaW5kZSUyMGJheWlpJTIwYSVDNCU5RiVDNCVCMW0lQzQlQjF6JTIwJUMzJUE3byVDNCU5RmFsJUM0JUIxeW9yJTJDJTIwYXluJUM0JUIxJTIwb3JhbnQlQzQlQjFkYSUyMCVDMyVCQ3IlQzMlQkNuJTIweWVscGF6ZW1pJTIwZGUlMjBnZW5pJUM1JTlGbGl5b3IuLiUzQyUyRnAlM0UlMEElMEE=[\/vc_raw_html][\/vc_tab][vc_tab title=&#8221;2020&#8243; tab_id=&#8221;1630700123914-4-7&#8243;][vc_raw_html]JTNDaDQlM0VNZXJrZXppbWl6JTIwdGElQzUlOUYlQzQlQjFuJUM0JUIxeW9yJTNDJTJGaDQlM0UlMEElM0NwJTNFJUM1JTlFaXJrZXQlMjBtZXJrZXppbWl6aSUyMCVDNCVCMHN0YW5idWwlMjBCZWJlayUyMHNlbXRpbmUlMjB0YSVDNSU5RiVDNCVCMXlvcnV6LiUyMCVDMyU4N2FsJUM0JUIxJUM1JTlGbWElMjBhcmthZGElQzUlOUZsYXIlQzQlQjFtJUM0JUIxemElMjBkYWhhJTIwJUMzJUE3b2slMjBtb3RpdmFzeW9uJTIwb2xtYXMlQzQlQjElMjBpJUMzJUE3aW4lMjBzZXJiZXN0JTIwJTIwJUMzJUE3YWwlQzQlQjElQzUlOUZtYSUyMG9ydGFtJUM0JUIxbmElMjBnZSVDMyVBN2l5b3J1ei4lMjAlM0MlMkZwJTNF[\/vc_raw_html][\/vc_tab][\/vc_tour][\/vc_column][\/vc_row][vc_row wrap_container=&#8221;yes&#8221; css=&#8221;.vc_custom_1630565401843{padding-top: 72px !important;}&#8221;][vc_column]<div class=\"porto-u-heading position-relative z-index-1  wpb_custom_de53f865edf8916ee28c4604c9bf3563\" data-hspacer=\"no_spacer\" data-halign=\"center\" style=\"text-align:center\" data-appear-animation=\"fadeInUp\" data-appear-animation-delay=\"200\"><div class=\"porto-u-main-heading\"><h2   style=\"margin-bottom: 48px;\">S.S.S. ve <strong>Say\u0131lar<\/strong><\/h2><\/div><\/div>[\/vc_column][vc_column el_class=&#8221;accordion-section&#8221; offset=&#8221;vc_col-md-6&#8243;][vc_accordion active_tab=&#8221;acccordion-1&#8243; collapsible=&#8221;yes&#8221; type=&#8221;custom&#8221; heading_color=&#8221;#212529&#8243; heading_bg_color=&#8221;#f4f4f4&#8243;][vc_accordion_tab title=&#8221;1 &#8211; Neden msachem ?&#8221; el_id=&#8221;acccordion-1&#8243;]<div class=\"porto-u-heading  wpb_custom_a7baaed54dd262c55ac3a8cead7e2ff9\" data-hspacer=\"no_spacer\" data-halign=\"left\" style=\"text-align:left\"><div class=\"porto-u-sub-heading\" style=\"\">Msachem uzun y\u0131llard\u0131r adhesive sekt\u00f6r\u00fcn\u00fcn i\u00e7erisinde, \u00fcretimden sat\u0131\u015fa kadar olan t\u00fcm a\u015famalar\u0131n i\u00e7erisinde yeti\u015fmi\u015f bir ekipten olu\u015fmaktad\u0131r.<\/div><\/div>[\/vc_accordion_tab][vc_accordion_tab title=&#8221;2 &#8211; Fiyat olarak ne kadar rekabet\u00e7iyiz?&#8221;]<div class=\"porto-u-heading  wpb_custom_a7baaed54dd262c55ac3a8cead7e2ff9\" data-hspacer=\"no_spacer\" data-halign=\"left\" style=\"text-align:left\"><div class=\"porto-u-sub-heading\" style=\"\">msachem piyasadaki en hesapl\u0131 fiyat\/kalite oran\u0131ndaki rakamlar\u0131 sizlere sunar.<\/div><\/div>[\/vc_accordion_tab][vc_accordion_tab title=&#8221;3 &#8211; \u00dcr\u00fcn da\u011f\u0131t\u0131m\u0131 nas\u0131l yap\u0131l\u0131yor?&#8221;]<div class=\"porto-u-heading  wpb_custom_a7baaed54dd262c55ac3a8cead7e2ff9\" data-hspacer=\"no_spacer\" data-halign=\"left\" style=\"text-align:left\"><div class=\"porto-u-sub-heading\" style=\"\">sachem kendi lojistik anla\u015fmalar\u0131 ile T\u00fcrkiye&#8217;nin her bir noktas\u0131na zaman\u0131nda \u00fcr\u00fcnlerini ula\u015ft\u0131r\u0131r.<\/div><\/div>[\/vc_accordion_tab][vc_accordion_tab title=&#8221;4 &#8211; \u00dcr\u00fcn kalitesi nas\u0131ld\u0131r?&#8221;]<div class=\"porto-u-heading  wpb_custom_a7baaed54dd262c55ac3a8cead7e2ff9\" data-hspacer=\"no_spacer\" data-halign=\"left\" style=\"text-align:left\"><div class=\"porto-u-sub-heading\" style=\"\">T\u00fcm msachem \u00fcr\u00fcnleri uluslararas\u0131 standartlarda onaylanm\u0131\u015f kat\u0131 denetim standart ve mekanizmalar\u0131nda \u00fcr\u00fcnlerini test eder.<\/div><\/div>[\/vc_accordion_tab][vc_accordion_tab title=&#8221;5 &#8211; Fason \u00fcretim yap\u0131yor mu?&#8221;]<div class=\"porto-u-heading  wpb_custom_a7baaed54dd262c55ac3a8cead7e2ff9\" data-hspacer=\"no_spacer\" data-halign=\"left\" style=\"text-align:left\"><div class=\"porto-u-sub-heading\" style=\"\">Prensip olarak msachem sadece kendi uluslararas\u0131 markas\u0131 olan <strong>msachem<\/strong> ile \u00fcr\u00fcnlerini satar.<\/div><\/div>[\/vc_accordion_tab][\/vc_accordion][\/vc_column][vc_column el_class=&#8221;testimonial-section&#8221; offset=&#8221;vc_col-md-6&#8243;]<div class=\"porto-testimonial wpb_content_element appear-animation  mb-0 mt-4 mt-lg-0  wpb_custom_4760b66c0cbf51ec9a7673f3785bca75\" data-appear-animation=\"fadeInUp\" data-appear-animation-delay=\"200\"><div class=\"testimonial testimonial-transparent-background\"><blockquote style=\"color:#777777\"><p>Firmam\u0131z her ge\u00e7en g\u00fcn geni\u015fleyen m\u00fc\u015fteri portf\u00f6y\u00fc ile, ayn\u0131 hizmeti aksamadan ve m\u00fc\u015fteri memnuniyeti anlay\u0131\u015f\u0131ndan \u00f6d\u00fcn vermeden devam ediyor.<\/p><\/blockquote><div class=\"testimonial-author\"><p><strong>M\u00fcge Selvitop - Kurucu<\/strong><span><\/span><\/p><\/div><\/div><\/div>[vc_row_inner equal_height=&#8221;yes&#8221; animation_delay=&#8221;600&#8243; animation_type=&#8221;fadeInUp&#8221;][vc_column_inner width=&#8221;1\/2&#8243;]<div class=\"stats-block stats-top  counter-text-start  wpb_custom_1c376f5d091d1c0e3474673c8f77657d  vc_custom_1678207518899\"><div class=\"stats-desc\"><div id=\"counter_94906849269e0d6c6ceb87\" data-id=\"counter_94906849269e0d6c6ceb87\" class=\"stats-number\" style=\" color:#0047bb;\" data-speed=\"3\" data-counter-value=\"18\" data-separator=\"none\" data-decimal=\".\">0<\/div><div class=\"counter_suffix mycust\" style=\" color:#0047bb\">+<\/div><div class=\"stats-text\" style=\"color:#212529;\">Ticari Ge\u00e7mi\u015f<\/div><\/div><\/div>[\/vc_column_inner][vc_column_inner width=&#8221;1\/2&#8243;]<div class=\"stats-block stats-top  counter-text-start  wpb_custom_1c376f5d091d1c0e3474673c8f77657d  vc_custom_1678207549950\"><div class=\"stats-desc\"><div id=\"counter_132225790069e0d6c6cec6f\" data-id=\"counter_132225790069e0d6c6cec6f\" class=\"stats-number\" style=\" color:#0047bb;\" data-speed=\"3\" data-counter-value=\"128\" data-separator=\"none\" data-decimal=\".\">0<\/div><div class=\"counter_suffix mycust\" style=\" color:#0047bb\">+<\/div><div class=\"stats-text\" style=\"color:#212529;\">Mutlu M\u00fc\u015fteri<\/div><\/div><\/div>[\/vc_column_inner][vc_column_inner width=&#8221;1\/2&#8243;]<div class=\"stats-block stats-top  counter-text-start  wpb_custom_1c376f5d091d1c0e3474673c8f77657d  vc_custom_1678207572678\"><div class=\"stats-desc\"><div id=\"counter_100182574869e0d6c6ced54\" data-id=\"counter_100182574869e0d6c6ced54\" class=\"stats-number\" style=\" color:#0047bb;\" data-speed=\"3\" data-counter-value=\"36\" data-separator=\"none\" data-decimal=\".\">0<\/div><div class=\"counter_suffix mycust\" style=\" color:#0047bb\">+<\/div><div class=\"stats-text\" style=\"color:#212529;\">\u00c7e\u015fitlilik<\/div><\/div><\/div>[\/vc_column_inner][vc_column_inner width=&#8221;1\/2&#8243;]<div class=\"stats-block stats-top  counter-text-start  wpb_custom_1c376f5d091d1c0e3474673c8f77657d  vc_custom_1678207611605\"><div class=\"stats-desc\"><div id=\"counter_19468899069e0d6c6cee37\" data-id=\"counter_19468899069e0d6c6cee37\" class=\"stats-number\" style=\" color:#0047bb;\" data-speed=\"3\" data-counter-value=\"7\" data-separator=\"none\" data-decimal=\".\">0<\/div><div class=\"counter_suffix mycust\" style=\" color:#0047bb\">+<\/div><div class=\"stats-text\" style=\"color:#212529;\">\u0130hracat \u00dclke<\/div><\/div><\/div>[\/vc_column_inner][\/vc_row_inner][\/vc_column][\/vc_row][vc_row wrap_container=&#8221;yes&#8221; css=&#8221;.vc_custom_1630711619215{padding-bottom: 72px !important;}&#8221;][vc_column][vc_separator color=&#8221;custom&#8221; style=&#8221;solid&#8221; css=&#8221;.vc_custom_1630639927220{margin-bottom: 58px !important;}&#8221;][\/vc_column][vc_column width=&#8221;1\/6&#8243; el_class=&#8221;d-flex align-items-center m-t-md m-b-md&#8221;][vc_single_image image=&#8221;401&#8243; img_size=&#8221;90&#215;47&#8243; alignment=&#8221;center&#8221; animation_delay=&#8221;200&#8243; el_class=&#8221;mb-0&#8243; animation_type=&#8221;fadeInUp&#8221;][\/vc_column][vc_column width=&#8221;1\/6&#8243; el_class=&#8221;d-flex align-items-center m-t-md m-b-md&#8221;][vc_single_image image=&#8221;396&#8243; img_size=&#8221;140&#215;36&#8243; alignment=&#8221;center&#8221; animation_delay=&#8221;400&#8243; el_class=&#8221;mb-0&#8243; animation_type=&#8221;fadeInUp&#8221;][\/vc_column][vc_column width=&#8221;1\/6&#8243; el_class=&#8221;d-flex align-items-center m-t-md m-b-md&#8221;][vc_single_image image=&#8221;397&#8243; img_size=&#8221;140&#215;16&#8243; alignment=&#8221;center&#8221; animation_delay=&#8221;600&#8243; el_class=&#8221;mb-0&#8243; animation_type=&#8221;fadeInUp&#8221;][\/vc_column][vc_column width=&#8221;1\/6&#8243; el_class=&#8221;d-flex align-items-center m-t-md m-b-md&#8221;][vc_single_image image=&#8221;398&#8243; img_size=&#8221;140&#215;44&#8243; alignment=&#8221;center&#8221; animation_delay=&#8221;800&#8243; el_class=&#8221;mb-0&#8243; animation_type=&#8221;fadeInUp&#8221;][\/vc_column][vc_column width=&#8221;1\/6&#8243; el_class=&#8221;d-flex align-items-center m-t-md m-b-md&#8221;][vc_single_image image=&#8221;399&#8243; img_size=&#8221;100&#215;38&#8243; alignment=&#8221;center&#8221; animation_delay=&#8221;1000&#8243; el_class=&#8221;mb-0&#8243; animation_type=&#8221;fadeInUp&#8221;][\/vc_column][vc_column width=&#8221;1\/6&#8243; el_class=&#8221;d-flex align-items-center m-t-md m-b-md&#8221;][vc_single_image image=&#8221;400&#8243; img_size=&#8221;100&#215;39&#8243; alignment=&#8221;center&#8221; animation_delay=&#8221;1200&#8243; el_class=&#8221;mb-0&#8243; animation_type=&#8221;fadeInUp&#8221;][\/vc_column][\/vc_row]<\/p>\n","protected":false},"excerpt":{"rendered":"<p>[vc_row wrap_container=&#8221;yes&#8221; css=&#8221;.vc_custom_1630699961301{margin-top: -100px !important;padding-bottom: 49px !important;}&#8221; el_class=&#8221;custom-container-background testimonial-section&#8221;][vc_column css=&#8221;.vc_custom_1630699782377{padding-top: 84px !important;}&#8221;][vc_empty_space height=&#8221;50px&#8221;][vc_row_inner equal_height=&#8221;yes&#8221; animation_delay=&#8221;600&#8243; animation_type=&#8221;fadeInUp&#8221;][vc_column_inner width=&#8221;1\/2&#8243; offset=&#8221;vc_col-md-3&#8243;][\/vc_column_inner][vc_column_inner width=&#8221;1\/2&#8243; offset=&#8221;vc_col-md-3&#8243;][\/vc_column_inner][vc_column_inner width=&#8221;1\/2&#8243; offset=&#8221;vc_col-md-3&#8243;][\/vc_column_inner][vc_column_inner width=&#8221;1\/2&#8243; offset=&#8221;vc_col-md-3&#8243;][\/vc_column_inner][\/vc_row_inner][\/vc_column][vc_column][\/vc_column][\/vc_row][vc_row wrap_container=&#8221;yes&#8221; css=&#8221;.vc_custom_1630710851474{padding-top: 4.6rem !important;padding-bottom: 5.4rem !important;background-color: #f7f7f7 !important;}&#8221;][vc_column][vc_tour type=&#8221;tabs-navigation&#8221; el_class=&#8221;mb-0&#8243; color=&#8221;#0047bb&#8221;][vc_tab title=&#8221;2000&#8243; tab_id=&#8221;9b5ab342-5ed9-2&#8243;][vc_raw_html]JTNDaDQlM0UlQzUlOUVpcmtldCUyMEt1cnVsdSVDNSU5RnUlM0MlMkZoNCUzRSUwQSUzQ3AlM0VLJUMzJUJDJUMzJUE3JUMzJUJDayUyMGJpciUyMGklQzUlOUZsZXRtZSUyMG9sYXJhayUyMDIlMjBraSVDNSU5RmlsaWslMjBla2liaW1pemxlJTIwYmVyYWJlciUyMHMlQzQlQjFuJUM0JUIxcmwlQzQlQjElMjB0aWNhcmV0ZSUyMGJhJUM1JTlGbGFkJUM0JUIxay4uJTNDJTJGcCUzRSUwQSUwQSUzQ2ltZyUyMGNsYXNzJTNEJTIyZmxvYXQtc3RhcnQlMjBpbWctZmx1aWQlMjByb3VuZGVkLWNpcmNsZSUyMG1lLTQlMjBtYi00JTIyJTIwc3JjJTNEJTIyaHR0cHMlM0ElMkYlMkZ3d3cucG9ydG90aGVtZS5jb20lMkZ3b3JkcHJlc3MlMkZwb3J0byUyRmVsZW1lbnRvciUyRmluc3VyYW5jZSUyRndwLWNvbnRlbnQlMkZ1cGxvYWRzJTJGc2l0ZXMlMkY2MyUyRjIwMjElMkYwOCUyRmdlbmVyaWMtMS5qcGclMjIlMjBhbHQlM0QlMjIlMjIlMjB3aWR0aCUzRCUyMjIwMCUyMiUyMCUyRiUzRSUwQSUwQQ==[\/vc_raw_html][\/vc_tab][vc_tab title=&#8221;2002&#8243; tab_id=&#8221;1557426757629-1-1&#8243;][vc_raw_html]JTNDaDQlM0VCJUMzJUJDeSVDMyVCQ3lvcnV6Li4lM0MlMkZoNCUzRSUwQSUzQ3AlM0UlM0NwJTNFTSVDMyVCQyVDNSU5RnRlcmklMjBwb3J0ZiVDMyVCNnklQzMlQkNtJUMzJUJDeiUyMGIlQzMlQkN5JUMzJUJDZCVDMyVCQ2slQzMlQTdlJTIwbWVya2V6JTIwb2ZpcyUyMG9sYXJhayUyMHllbmklMjBiaXIlMjBiaW5heWElMjB0YSVDNSU5RiVDNCVCMW5kJUM0JUIxay4uJTNDJTJGcCUzRS4lM0MlMkZwJTNFJTBB[\/vc_raw_html][\/vc_tab][vc_tab title=&#8221;2006&#8243; tab_id=&#8221;1557426759693-2-1&#8243;][vc_raw_html]JTNDaDQlM0VEaWppdGFsbGUlQzUlOUZpeW9ydXouLiUzQyUyRmg0JTNFJTBBJTNDcCUzRUtBeSVDNCVCMXRsYXIlQzQlQjFtJUM0JUIxeiUyMGRpaml0YWwlMjBvcnRhbWRhJTIwZyVDMyVCQ3ZlbmRlLi4uJTNDJTJGcCUzRSUwQSUwQSUzQ2ltZyUyMGNsYXNzJTNEJTIyZmxvYXQtc3RhcnQlMjBpbWctZmx1aWQlMjByb3VuZGVkLWNpcmNsZSUyMG1lLTQlMjBtYi00JTIyJTIwc3JjJTNEJTIyaHR0cHMlM0ElMkYlMkZ3d3cucG9ydG90aGVtZS5jb20lMkZ3b3JkcHJlc3MlMkZwb3J0byUyRmVsZW1lbnRvciUyRmluc3VyYW5jZSUyRndwLWNvbnRlbnQlMkZ1cGxvYWRzJTJGc2l0ZXMlMkY2MyUyRjIwMjElMkYwOCUyRmdlbmVyaWMtMi5qcGclMjIlMjBhbHQlM0QlMjIlMjIlMjB3aWR0aCUzRCUyMjIwMCUyMiUyMCUyRiUzRSUwQSUwQQ==[\/vc_raw_html][\/vc_tab][vc_tab title=&#8221;2012&#8243; tab_id=&#8221;1557426760533-3-3&#8243;][vc_raw_html]JTNDaDQlM0UlQzMlODdvJUM0JTlGYWwlQzQlQjF5b3J1eiUzQyUyRmg0JTNFJTBBJTNDcCUzRVQlQzMlQkNya2l5ZSUyMGdlbmVsaW5kZSUyMGJheWlpJTIwYSVDNCU5RiVDNCVCMW0lQzQlQjF6JTIwJUMzJUE3byVDNCU5RmFsJUM0JUIxeW9yJTJDJTIwYXluJUM0JUIxJTIwb3JhbnQlQzQlQjFkYSUyMCVDMyVCQ3IlQzMlQkNuJTIweWVscGF6ZW1pJTIwZGUlMjBnZW5pJUM1JTlGbGl5b3IuLiUzQyUyRnAlM0UlMEElMEE=[\/vc_raw_html][\/vc_tab][vc_tab title=&#8221;2020&#8243; tab_id=&#8221;1630700123914-4-7&#8243;][vc_raw_html]JTNDaDQlM0VNZXJrZXppbWl6JTIwdGElQzUlOUYlQzQlQjFuJUM0JUIxeW9yJTNDJTJGaDQlM0UlMEElM0NwJTNFJUM1JTlFaXJrZXQlMjBtZXJrZXppbWl6aSUyMCVDNCVCMHN0YW5idWwlMjBCZWJlayUyMHNlbXRpbmUlMjB0YSVDNSU5RiVDNCVCMXlvcnV6LiUyMCVDMyU4N2FsJUM0JUIxJUM1JTlGbWElMjBhcmthZGElQzUlOUZsYXIlQzQlQjFtJUM0JUIxemElMjBkYWhhJTIwJUMzJUE3b2slMjBtb3RpdmFzeW9uJTIwb2xtYXMlQzQlQjElMjBpJUMzJUE3aW4lMjBzZXJiZXN0JTIwJTIwJUMzJUE3YWwlQzQlQjElQzUlOUZtYSUyMG9ydGFtJUM0JUIxbmElMjBnZSVDMyVBN2l5b3J1ei4lMjAlM0MlMkZwJTNF[\/vc_raw_html][\/vc_tab][\/vc_tour][\/vc_column][\/vc_row][vc_row wrap_container=&#8221;yes&#8221; css=&#8221;.vc_custom_1630565401843{padding-top: 72px !important;}&#8221;][vc_column][\/vc_column][vc_column el_class=&#8221;accordion-section&#8221; offset=&#8221;vc_col-md-6&#8243;][vc_accordion active_tab=&#8221;acccordion-1&#8243; collapsible=&#8221;yes&#8221; type=&#8221;custom&#8221; heading_color=&#8221;#212529&#8243; [&hellip;]<\/p>\n","protected":false},"author":1,"featured_media":0,"parent":0,"menu_order":0,"comment_status":"closed","ping_status":"closed","template":"","meta":{"footnotes":""},"class_list":["post-172","page","type-page","status-publish","hentry"],"_links":{"self":[{"href":"https:\/\/www.msachemgroup.com\/index.php?rest_route=\/wp\/v2\/pages\/172","targetHints":{"allow":["GET"]}}],"collection":[{"href":"https:\/\/www.msachemgroup.com\/index.php?rest_route=\/wp\/v2\/pages"}],"about":[{"href":"https:\/\/www.msachemgroup.com\/index.php?rest_route=\/wp\/v2\/types\/page"}],"author":[{"embeddable":true,"href":"https:\/\/www.msachemgroup.com\/index.php?rest_route=\/wp\/v2\/users\/1"}],"replies":[{"embeddable":true,"href":"https:\/\/www.msachemgroup.com\/index.php?rest_route=%2Fwp%2Fv2%2Fcomments&post=172"}],"version-history":[{"count":11,"href":"https:\/\/www.msachemgroup.com\/index.php?rest_route=\/wp\/v2\/pages\/172\/revisions"}],"predecessor-version":[{"id":804,"href":"https:\/\/www.msachemgroup.com\/index.php?rest_route=\/wp\/v2\/pages\/172\/revisions\/804"}],"wp:attachment":[{"href":"https:\/\/www.msachemgroup.com\/index.php?rest_route=%2Fwp%2Fv2%2Fmedia&parent=172"}],"curies":[{"name":"wp","href":"https:\/\/api.w.org\/{rel}","templated":true}]}}